{"id":28,"date":"2021-09-22T14:54:56","date_gmt":"2021-09-22T12:54:56","guid":{"rendered":"http:\/\/scmt.myddns.me\/wp-uhc\/?page_id=28"},"modified":"2022-07-25T13:28:20","modified_gmt":"2022-07-25T11:28:20","slug":"news","status":"publish","type":"page","link":"https:\/\/www.uhc-gaenserndorf.com\/wp-uhc\/news\/","title":{"rendered":"News"},"content":{"rendered":"\t\t<div data-elementor-type=\"wp-page\" data-elementor-id=\"28\" class=\"elementor elementor-28\" data-elementor-post-type=\"page\">\n\t\t\t\t\t\t<section class=\"elementor-section elementor-top-section elementor-element elementor-element-30d26ed0 elementor-section-boxed elementor-section-height-default elementor-section-height-default\" data-id=\"30d26ed0\" data-element_type=\"section\">\n\t\t\t\t\t\t<div class=\"elementor-container elementor-column-gap-default\">\n\t\t\t\t\t<div class=\"elementor-column elementor-col-100 elementor-top-column elementor-element elementor-element-16ed4e9d\" data-id=\"16ed4e9d\" data-element_type=\"column\" data-settings=\"{&quot;background_background&quot;:&quot;classic&quot;}\">\n\t\t\t<div class=\"elementor-widget-wrap elementor-element-populated\">\n\t\t\t\t\t\t<div class=\"elementor-element elementor-element-52f84e95 elementor-widget elementor-widget-heading\" data-id=\"52f84e95\" data-element_type=\"widget\" data-widget_type=\"heading.default\">\n\t\t\t\t<div class=\"elementor-widget-container\">\n\t\t\t<style>\/*! elementor - v3.20.0 - 13-03-2024 *\/\n.elementor-heading-title{padding:0;margin:0;line-height:1}.elementor-widget-heading .elementor-heading-title[class*=elementor-size-]>a{color:inherit;font-size:inherit;line-height:inherit}.elementor-widget-heading .elementor-heading-title.elementor-size-small{font-size:15px}.elementor-widget-heading .elementor-heading-title.elementor-size-medium{font-size:19px}.elementor-widget-heading .elementor-heading-title.elementor-size-large{font-size:29px}.elementor-widget-heading .elementor-heading-title.elementor-size-xl{font-size:39px}.elementor-widget-heading .elementor-heading-title.elementor-size-xxl{font-size:59px}<\/style><h2 class=\"elementor-heading-title elementor-size-xl\">News<\/h2>\t\t<\/div>\n\t\t\t\t<\/div>\n\t\t\t\t<div class=\"elementor-element elementor-element-1addac6f elementor-widget-divider--view-line elementor-widget elementor-widget-divider\" data-id=\"1addac6f\" data-element_type=\"widget\" data-widget_type=\"divider.default\">\n\t\t\t\t<div class=\"elementor-widget-container\">\n\t\t\t<style>\/*! elementor - v3.20.0 - 13-03-2024 *\/\n.elementor-widget-divider{--divider-border-style:none;--divider-border-width:1px;--divider-color:#0c0d0e;--divider-icon-size:20px;--divider-element-spacing:10px;--divider-pattern-height:24px;--divider-pattern-size:20px;--divider-pattern-url:none;--divider-pattern-repeat:repeat-x}.elementor-widget-divider .elementor-divider{display:flex}.elementor-widget-divider .elementor-divider__text{font-size:15px;line-height:1;max-width:95%}.elementor-widget-divider .elementor-divider__element{margin:0 var(--divider-element-spacing);flex-shrink:0}.elementor-widget-divider .elementor-icon{font-size:var(--divider-icon-size)}.elementor-widget-divider .elementor-divider-separator{display:flex;margin:0;direction:ltr}.elementor-widget-divider--view-line_icon .elementor-divider-separator,.elementor-widget-divider--view-line_text .elementor-divider-separator{align-items:center}.elementor-widget-divider--view-line_icon .elementor-divider-separator:after,.elementor-widget-divider--view-line_icon .elementor-divider-separator:before,.elementor-widget-divider--view-line_text .elementor-divider-separator:after,.elementor-widget-divider--view-line_text .elementor-divider-separator:before{display:block;content:\"\";border-block-end:0;flex-grow:1;border-block-start:var(--divider-border-width) var(--divider-border-style) var(--divider-color)}.elementor-widget-divider--element-align-left .elementor-divider .elementor-divider-separator>.elementor-divider__svg:first-of-type{flex-grow:0;flex-shrink:100}.elementor-widget-divider--element-align-left .elementor-divider-separator:before{content:none}.elementor-widget-divider--element-align-left .elementor-divider__element{margin-left:0}.elementor-widget-divider--element-align-right .elementor-divider .elementor-divider-separator>.elementor-divider__svg:last-of-type{flex-grow:0;flex-shrink:100}.elementor-widget-divider--element-align-right .elementor-divider-separator:after{content:none}.elementor-widget-divider--element-align-right .elementor-divider__element{margin-right:0}.elementor-widget-divider--element-align-start .elementor-divider .elementor-divider-separator>.elementor-divider__svg:first-of-type{flex-grow:0;flex-shrink:100}.elementor-widget-divider--element-align-start .elementor-divider-separator:before{content:none}.elementor-widget-divider--element-align-start .elementor-divider__element{margin-inline-start:0}.elementor-widget-divider--element-align-end .elementor-divider .elementor-divider-separator>.elementor-divider__svg:last-of-type{flex-grow:0;flex-shrink:100}.elementor-widget-divider--element-align-end .elementor-divider-separator:after{content:none}.elementor-widget-divider--element-align-end .elementor-divider__element{margin-inline-end:0}.elementor-widget-divider:not(.elementor-widget-divider--view-line_text):not(.elementor-widget-divider--view-line_icon) .elementor-divider-separator{border-block-start:var(--divider-border-width) var(--divider-border-style) var(--divider-color)}.elementor-widget-divider--separator-type-pattern{--divider-border-style:none}.elementor-widget-divider--separator-type-pattern.elementor-widget-divider--view-line .elementor-divider-separator,.elementor-widget-divider--separator-type-pattern:not(.elementor-widget-divider--view-line) .elementor-divider-separator:after,.elementor-widget-divider--separator-type-pattern:not(.elementor-widget-divider--view-line) .elementor-divider-separator:before,.elementor-widget-divider--separator-type-pattern:not([class*=elementor-widget-divider--view]) .elementor-divider-separator{width:100%;min-height:var(--divider-pattern-height);-webkit-mask-size:var(--divider-pattern-size) 100%;mask-size:var(--divider-pattern-size) 100%;-webkit-mask-repeat:var(--divider-pattern-repeat);mask-repeat:var(--divider-pattern-repeat);background-color:var(--divider-color);-webkit-mask-image:var(--divider-pattern-url);mask-image:var(--divider-pattern-url)}.elementor-widget-divider--no-spacing{--divider-pattern-size:auto}.elementor-widget-divider--bg-round{--divider-pattern-repeat:round}.rtl .elementor-widget-divider .elementor-divider__text{direction:rtl}.e-con-inner>.elementor-widget-divider,.e-con>.elementor-widget-divider{width:var(--container-widget-width,100%);--flex-grow:var(--container-widget-flex-grow)}<\/style>\t\t<div class=\"elementor-divider\">\n\t\t\t<span class=\"elementor-divider-separator\">\n\t\t\t\t\t\t<\/span>\n\t\t<\/div>\n\t\t\t\t<\/div>\n\t\t\t\t<\/div>\n\t\t\t\t<div class=\"elementor-element elementor-element-1aceb62a elementor-widget elementor-widget-spacer\" data-id=\"1aceb62a\" data-element_type=\"widget\" data-widget_type=\"spacer.default\">\n\t\t\t\t<div class=\"elementor-widget-container\">\n\t\t\t<style>\/*! elementor - v3.20.0 - 13-03-2024 *\/\n.elementor-column .elementor-spacer-inner{height:var(--spacer-size)}.e-con{--container-widget-width:100%}.e-con-inner>.elementor-widget-spacer,.e-con>.elementor-widget-spacer{width:var(--container-widget-width,var(--spacer-size));--align-self:var(--container-widget-align-self,initial);--flex-shrink:0}.e-con-inner>.elementor-widget-spacer>.elementor-widget-container,.e-con>.elementor-widget-spacer>.elementor-widget-container{height:100%;width:100%}.e-con-inner>.elementor-widget-spacer>.elementor-widget-container>.elementor-spacer,.e-con>.elementor-widget-spacer>.elementor-widget-container>.elementor-spacer{height:100%}.e-con-inner>.elementor-widget-spacer>.elementor-widget-container>.elementor-spacer>.elementor-spacer-inner,.e-con>.elementor-widget-spacer>.elementor-widget-container>.elementor-spacer>.elementor-spacer-inner{height:var(--container-widget-height,var(--spacer-size))}.e-con-inner>.elementor-widget-spacer.elementor-widget-empty,.e-con>.elementor-widget-spacer.elementor-widget-empty{position:relative;min-height:22px;min-width:22px}.e-con-inner>.elementor-widget-spacer.elementor-widget-empty .elementor-widget-empty-icon,.e-con>.elementor-widget-spacer.elementor-widget-empty .elementor-widget-empty-icon{position:absolute;top:0;bottom:0;left:0;right:0;margin:auto;padding:0;width:22px;height:22px}<\/style>\t\t<div class=\"elementor-spacer\">\n\t\t\t<div class=\"elementor-spacer-inner\"><\/div>\n\t\t<\/div>\n\t\t\t\t<\/div>\n\t\t\t\t<\/div>\n\t\t\t\t<div class=\"elementor-element elementor-element-5ede483 elementor-widget elementor-widget-ucaddon_post_list\" data-id=\"5ede483\" data-element_type=\"widget\" data-widget_type=\"ucaddon_post_list.default\">\n\t\t\t\t<div class=\"elementor-widget-container\">\n\t\t\t<!-- start Post List -->\n\t\t\t<style type=\"text\/css\">\/* widget: Post List *\/\n\n#uc_post_list_elementor_5ede483\n{\n  display:grid;\n}\n\n\n#uc_post_list_elementor_5ede483 .uc_post_list_image div\n{\n  background-size:cover;\n  background-position:center;\n}\n\n\n.uc_post_list .uc_post_list_box{\n\tposition: relative;\n\toverflow: hidden;\n\tdisplay: flex;\n}\n\n#uc_post_list_elementor_5ede483 .uc_post_list_image\n{\n  flex-grow:0;\n  flex-shrink:0;\n}\n\n#uc_post_list_elementor_5ede483 .uc_post_list_image img\n{\n  width:100%;\n  display:block;\n  \n}\n\n\n.uc_post_list_title a{\n\tcolor: #333333;\n    font-size: 16px;\n}\n.uc_post_list_date{\n\tfont-size: 12px;\n}\n\n#uc_post_list_elementor_5ede483 .uc_post_list_content\n{\n  display:flex;\n  flex-direction:column;\n  flex:1;\n}\n\n#uc_post_list_elementor_5ede483 .uc_more_btn{\n\n  text-align:center;\n  text-decoration:none;\n  transition:0.3s;\n}\n\n#uc_post_list_elementor_5ede483 .button-on-side\n{\n  display:flex;\n  align-items:center;\n}\n\n<\/style>\n\n\t\t\t<div class=\"uc_post_list uc-items-wrapper\" id=\"uc_post_list_elementor_5ede483\" >\n        \t\n  <div class=\"uc_post_list_box\">\n  \t    <div class=\"uc_post_list_image\"><a href=\"https:\/\/www.uhc-gaenserndorf.com\/wp-uhc\/save-the-date-handball-fest-2026\/\"><img fetchpriority=\"high\" decoding=\"async\" src=\"https:\/\/www.uhc-gaenserndorf.com\/wp-uhc\/wp-content\/uploads\/2026\/05\/688433413_18099049331019475_3016647630047795350_n-768x1024.jpg\"  src=\"https:\/\/www.uhc-gaenserndorf.com\/wp-uhc\/wp-content\/uploads\/2026\/05\/688433413_18099049331019475_3016647630047795350_n-768x1024.jpg\" alt=\"688433413_18099049331019475_3016647630047795350_n\" width=\"768\" height=\"1024\"><\/a><\/div>\n  \t\t\n  \n    <div class=\"uc_post_list_content\">\n      <div class=\"uc_post_list_content_inside\">\n         <div class=\"uc_post_list_title\"><a href=\"https:\/\/www.uhc-gaenserndorf.com\/wp-uhc\/save-the-date-handball-fest-2026\/\">SAVE THE DATE: Handball-Fest 2026<\/a><\/div>\t\n         <div class=\"uc_post_list_date\">06 Mai 2026<\/div>\t\n         <div class=\"uc_post_content\">In einem Monat findet unser j\u00e4hrliches Handball-Fest statt\n\n\nAm Samstag, dem 6. Juni 2026, wollen wir...<\/div>\t\n         \t\n      <\/div>\n    <\/div>\n     \n       \n<\/div>\n<div class=\"uc_post_list_box\">\n  \t    <div class=\"uc_post_list_image\"><a href=\"https:\/\/www.uhc-gaenserndorf.com\/wp-uhc\/die-uhc-baustein-aktion-fuer-die-zukunft-des-handball-nachwuchs\/\"><img loading=\"lazy\" decoding=\"async\" src=\"https:\/\/www.uhc-gaenserndorf.com\/wp-uhc\/wp-content\/uploads\/2026\/05\/681051881_18098344451019475_5644646742710524226_n-768x816.jpg\"  src=\"https:\/\/www.uhc-gaenserndorf.com\/wp-uhc\/wp-content\/uploads\/2026\/05\/681051881_18098344451019475_5644646742710524226_n-768x816.jpg\" alt=\"681051881_18098344451019475_5644646742710524226_n\" width=\"768\" height=\"816\"><\/a><\/div>\n  \t\t\n  \n    <div class=\"uc_post_list_content\">\n      <div class=\"uc_post_list_content_inside\">\n         <div class=\"uc_post_list_title\"><a href=\"https:\/\/www.uhc-gaenserndorf.com\/wp-uhc\/die-uhc-baustein-aktion-fuer-die-zukunft-des-handball-nachwuchs\/\">Die UHC-Baustein-Aktion - f\u00fcr die Zukunft des Handball-Nachwuchs<\/a><\/div>\t\n         <div class=\"uc_post_list_date\">06 Mai 2026<\/div>\t\n         <div class=\"uc_post_content\">Warum?\n\n\n Mehr Power explizit f\u00fcr den UHC-Nachwuchs: f\u00fcr mehr Teams, mehr BetreuerInnen, mehr Trainingszeiten,...<\/div>\t\n         \t\n      <\/div>\n    <\/div>\n     \n       \n<\/div>\n<div class=\"uc_post_list_box\">\n  \t    <div class=\"uc_post_list_image\"><a href=\"https:\/\/www.uhc-gaenserndorf.com\/wp-uhc\/uhc-bei-laz-event-vertreten\/\"><img loading=\"lazy\" decoding=\"async\" src=\"https:\/\/www.uhc-gaenserndorf.com\/wp-uhc\/wp-content\/uploads\/2026\/05\/673130795_18098957333019475_4038992556474300879_n-768x615.jpg\"  src=\"https:\/\/www.uhc-gaenserndorf.com\/wp-uhc\/wp-content\/uploads\/2026\/05\/673130795_18098957333019475_4038992556474300879_n-768x615.jpg\" alt=\"673130795_18098957333019475_4038992556474300879_n\" width=\"768\" height=\"615\"><\/a><\/div>\n  \t\t\n  \n    <div class=\"uc_post_list_content\">\n      <div class=\"uc_post_list_content_inside\">\n         <div class=\"uc_post_list_title\"><a href=\"https:\/\/www.uhc-gaenserndorf.com\/wp-uhc\/uhc-bei-laz-event-vertreten\/\">UHC bei LAZ-Event vertreten<\/a><\/div>\t\n         <div class=\"uc_post_list_date\">03 Mai 2026<\/div>\t\n         <div class=\"uc_post_content\">Helene Waditschatka, Adea Zenelaj, Moritz Fries und Julian Widhalm waren beim LAZ-Event 2026 im BSFZ...<\/div>\t\n         \t\n      <\/div>\n    <\/div>\n     \n       \n<\/div>\n<div class=\"uc_post_list_box\">\n  \t    <div class=\"uc_post_list_image\"><a href=\"https:\/\/www.uhc-gaenserndorf.com\/wp-uhc\/damen-niederlage-gegen-uhc-graz-2\/\"><img loading=\"lazy\" decoding=\"async\" src=\"https:\/\/www.uhc-gaenserndorf.com\/wp-uhc\/wp-content\/uploads\/2026\/05\/689486272_1366965105242128_5673221911979769806_n-768x512.jpg\"  src=\"https:\/\/www.uhc-gaenserndorf.com\/wp-uhc\/wp-content\/uploads\/2026\/05\/689486272_1366965105242128_5673221911979769806_n-768x512.jpg\" alt=\"689486272_1366965105242128_5673221911979769806_n\" width=\"768\" height=\"512\"><\/a><\/div>\n  \t\t\n  \n    <div class=\"uc_post_list_content\">\n      <div class=\"uc_post_list_content_inside\">\n         <div class=\"uc_post_list_title\"><a href=\"https:\/\/www.uhc-gaenserndorf.com\/wp-uhc\/damen-niederlage-gegen-uhc-graz-2\/\">Damen: Niederlage gegen UHC Graz<\/a><\/div>\t\n         <div class=\"uc_post_list_date\">03 Mai 2026<\/div>\t\n         <div class=\"uc_post_content\">F\u00fcr unsere Damen stand das letzte Ausw\u00e4rtsspiel der Saison gegen UHC Graz auf dem Programm.\n\n\nDer Start...<\/div>\t\n         \t\n      <\/div>\n    <\/div>\n     \n       \n<\/div>\n<div class=\"uc_post_list_box\">\n  \t    <div class=\"uc_post_list_image\"><a href=\"https:\/\/www.uhc-gaenserndorf.com\/wp-uhc\/u14w-auswaertssieg-gegen-eggenburg\/\"><img loading=\"lazy\" decoding=\"async\" src=\"https:\/\/www.uhc-gaenserndorf.com\/wp-uhc\/wp-content\/uploads\/2026\/05\/687482168_18099143876019475_8743881242099038976_n-768x578.jpg\"  src=\"https:\/\/www.uhc-gaenserndorf.com\/wp-uhc\/wp-content\/uploads\/2026\/05\/687482168_18099143876019475_8743881242099038976_n-768x578.jpg\" alt=\"687482168_18099143876019475_8743881242099038976_n\" width=\"768\" height=\"578\"><\/a><\/div>\n  \t\t\n  \n    <div class=\"uc_post_list_content\">\n      <div class=\"uc_post_list_content_inside\">\n         <div class=\"uc_post_list_title\"><a href=\"https:\/\/www.uhc-gaenserndorf.com\/wp-uhc\/u14w-auswaertssieg-gegen-eggenburg\/\">U14W: Ausw\u00e4rtssieg gegen Eggenburg!<\/a><\/div>\t\n         <div class=\"uc_post_list_date\">02 Mai 2026<\/div>\t\n         <div class=\"uc_post_content\">Unsere U14-Mannschaft trat zu ihrem letzten Ausw\u00e4rtsspiel gegen Eggenburg an. Trotz eines stark dezimierten...<\/div>\t\n         \t\n      <\/div>\n    <\/div>\n     \n       \n<\/div>\n<div class=\"uc_post_list_box\">\n  \t    <div class=\"uc_post_list_image\"><a href=\"https:\/\/www.uhc-gaenserndorf.com\/wp-uhc\/u14m-u16m-gute-leistungen-trotz-niederlagen\/\"><img loading=\"lazy\" decoding=\"async\" src=\"https:\/\/www.uhc-gaenserndorf.com\/wp-uhc\/wp-content\/uploads\/2026\/05\/684771346_18098377460019475_5173576349724217787_n-768x545.jpg\"  src=\"https:\/\/www.uhc-gaenserndorf.com\/wp-uhc\/wp-content\/uploads\/2026\/05\/684771346_18098377460019475_5173576349724217787_n-768x545.jpg\" alt=\"684771346_18098377460019475_5173576349724217787_n\" width=\"768\" height=\"545\"><\/a><\/div>\n  \t\t\n  \n    <div class=\"uc_post_list_content\">\n      <div class=\"uc_post_list_content_inside\">\n         <div class=\"uc_post_list_title\"><a href=\"https:\/\/www.uhc-gaenserndorf.com\/wp-uhc\/u14m-u16m-gute-leistungen-trotz-niederlagen\/\">U14M &amp; U16M: Gute Leistungen trotz Niederlagen<\/a><\/div>\t\n         <div class=\"uc_post_list_date\">26 April 2026<\/div>\t\n         <div class=\"uc_post_content\">Unsere Jungs der U14 und U16 spielten in der N\u00d6-Landesmeisterschaft ausw\u00e4rts gegen Korneuburg, beide...<\/div>\t\n         \t\n      <\/div>\n    <\/div>\n     \n       \n<\/div>\n<div class=\"uc_post_list_box\">\n  \t    <div class=\"uc_post_list_image\"><a href=\"https:\/\/www.uhc-gaenserndorf.com\/wp-uhc\/u12m-unentschieden-gegen-korneuburg\/\"><img loading=\"lazy\" decoding=\"async\" src=\"https:\/\/www.uhc-gaenserndorf.com\/wp-uhc\/wp-content\/uploads\/2026\/05\/682047622_18098536520019475_389636383157249916_n-768x607.jpg\"  src=\"https:\/\/www.uhc-gaenserndorf.com\/wp-uhc\/wp-content\/uploads\/2026\/05\/682047622_18098536520019475_389636383157249916_n-768x607.jpg\" alt=\"682047622_18098536520019475_389636383157249916_n\" width=\"768\" height=\"607\"><\/a><\/div>\n  \t\t\n  \n    <div class=\"uc_post_list_content\">\n      <div class=\"uc_post_list_content_inside\">\n         <div class=\"uc_post_list_title\"><a href=\"https:\/\/www.uhc-gaenserndorf.com\/wp-uhc\/u12m-unentschieden-gegen-korneuburg\/\">U12M: Unentschieden gegen Korneuburg!<\/a><\/div>\t\n         <div class=\"uc_post_list_date\">26 April 2026<\/div>\t\n         <div class=\"uc_post_content\">Unsere Burschen bestritten ihr letztes Meisterschaftsspiel der Saison. Sie taten sich in der ersten Halbzeit...<\/div>\t\n         \t\n      <\/div>\n    <\/div>\n     \n       \n<\/div>\n<div class=\"uc_post_list_box\">\n  \t    <div class=\"uc_post_list_image\"><a href=\"https:\/\/www.uhc-gaenserndorf.com\/wp-uhc\/3-platz-in-noe-fuer-unsere-u13-maedels\/\"><img loading=\"lazy\" decoding=\"async\" src=\"https:\/\/www.uhc-gaenserndorf.com\/wp-uhc\/wp-content\/uploads\/2026\/05\/681539147_18098444477019475_5832518611930617343_n-768x612.jpg\"  src=\"https:\/\/www.uhc-gaenserndorf.com\/wp-uhc\/wp-content\/uploads\/2026\/05\/681539147_18098444477019475_5832518611930617343_n-768x612.jpg\" alt=\"681539147_18098444477019475_5832518611930617343_n\" width=\"768\" height=\"612\"><\/a><\/div>\n  \t\t\n  \n    <div class=\"uc_post_list_content\">\n      <div class=\"uc_post_list_content_inside\">\n         <div class=\"uc_post_list_title\"><a href=\"https:\/\/www.uhc-gaenserndorf.com\/wp-uhc\/3-platz-in-noe-fuer-unsere-u13-maedels\/\">3.Platz in N\u00d6 f\u00fcr unsere U13 M\u00e4dels!<\/a><\/div>\t\n         <div class=\"uc_post_list_date\">26 April 2026<\/div>\t\n         <div class=\"uc_post_content\">Gemeinsam mit Hypo Nieder\u00f6sterreich, GKL und Stockerau-Hollabrunn ging es in einem Finale Four um den...<\/div>\t\n         \t\n      <\/div>\n    <\/div>\n     \n       \n<\/div>\n<div class=\"uc_post_list_box\">\n  \t    <div class=\"uc_post_list_image\"><a href=\"https:\/\/www.uhc-gaenserndorf.com\/wp-uhc\/heimsieg-zum-meisterschaftsabschluss-u16-gewinnt-2720-gegen-stockerau\/\"><img loading=\"lazy\" decoding=\"async\" src=\"https:\/\/www.uhc-gaenserndorf.com\/wp-uhc\/wp-content\/uploads\/2026\/05\/683791444_18098458577019475_2088087850613101381_n-768x645.jpg\"  src=\"https:\/\/www.uhc-gaenserndorf.com\/wp-uhc\/wp-content\/uploads\/2026\/05\/683791444_18098458577019475_2088087850613101381_n-768x645.jpg\" alt=\"683791444_18098458577019475_2088087850613101381_n\" width=\"768\" height=\"645\"><\/a><\/div>\n  \t\t\n  \n    <div class=\"uc_post_list_content\">\n      <div class=\"uc_post_list_content_inside\">\n         <div class=\"uc_post_list_title\"><a href=\"https:\/\/www.uhc-gaenserndorf.com\/wp-uhc\/heimsieg-zum-meisterschaftsabschluss-u16-gewinnt-2720-gegen-stockerau\/\">Heimsieg zum Meisterschaftsabschluss: U16 gewinnt 27:20 gegen Stockerau<\/a><\/div>\t\n         <div class=\"uc_post_list_date\">25 April 2026<\/div>\t\n         <div class=\"uc_post_content\">Zum Abschluss der Meisterschaft hat die weibliche U16 daheim noch einmal ein starkes Ausrufezeichen gesetzt...<\/div>\t\n         \t\n      <\/div>\n    <\/div>\n     \n       \n<\/div>\n<div class=\"uc_post_list_box\">\n  \t    <div class=\"uc_post_list_image\"><a href=\"https:\/\/www.uhc-gaenserndorf.com\/wp-uhc\/u12w-auswaertssieg-in-eggenburg-2627\/\"><img loading=\"lazy\" decoding=\"async\" src=\"https:\/\/www.uhc-gaenserndorf.com\/wp-uhc\/wp-content\/uploads\/2026\/04\/670794600_18097548635019475_6411722297303396462_n-768x576.jpg\"  src=\"https:\/\/www.uhc-gaenserndorf.com\/wp-uhc\/wp-content\/uploads\/2026\/04\/670794600_18097548635019475_6411722297303396462_n-768x576.jpg\" alt=\"670794600_18097548635019475_6411722297303396462_n\" width=\"768\" height=\"576\"><\/a><\/div>\n  \t\t\n  \n    <div class=\"uc_post_list_content\">\n      <div class=\"uc_post_list_content_inside\">\n         <div class=\"uc_post_list_title\"><a href=\"https:\/\/www.uhc-gaenserndorf.com\/wp-uhc\/u12w-auswaertssieg-in-eggenburg-2627\/\">U12W: Ausw\u00e4rtssieg in Eggenburg (26:27)<\/a><\/div>\t\n         <div class=\"uc_post_list_date\">19 April 2026<\/div>\t\n         <div class=\"uc_post_content\">Mit einer hervorragenden Abwehrleistung in den ersten 20 Minuten legten die M\u00e4dels den Grundstein f\u00fcr...<\/div>\t\n         \t\n      <\/div>\n    <\/div>\n     \n       \n<\/div>\n\n\n<\/div>\n\t\t\t<!-- end Post List -->\t\t<\/div>\n\t\t\t\t<\/div>\n\t\t\t\t\t<\/div>\n\t\t<\/div>\n\t\t\t\t\t<\/div>\n\t\t<\/section>\n\t\t\t\t<\/div>\n\t\t","protected":false},"excerpt":{"rendered":"<p>News handball-Fest 2022 12 Juni 2022 Am Samstag den 18. Juni findet das traditionelle Handball-Abschlussfest des UHC in der Union Sportanlage&#8230; Beachhandball-turnier in Bisamberg 05 Juni 2022 Auch die u13 war mit gleich 2 Teams beim Besch Turnier in Bisamberg und mit den Pl\u00e4tzen 2 &amp;amp; 3 sehr&#8230; Sieg der U14 Burschen in Krems 21 &hellip;<\/p>\n<p class=\"read-more\"> <a class=\"\" href=\"https:\/\/www.uhc-gaenserndorf.com\/wp-uhc\/news\/\"> <span class=\"screen-reader-text\">News<\/span> Weiterlesen &raquo;<\/a><\/p>\n","protected":false},"author":2,"featured_media":0,"parent":0,"menu_order":0,"comment_status":"closed","ping_status":"closed","template":"","meta":{"site-sidebar-layout":"no-sidebar","site-content-layout":"page-builder","ast-global-header-display":"","ast-main-header-display":"","ast-hfb-above-header-display":"","ast-hfb-below-header-display":"","ast-hfb-mobile-header-display":"","site-post-title":"disabled","ast-breadcrumbs-content":"","ast-featured-img":"disabled","footer-sml-layout":"","theme-transparent-header-meta":"default","adv-header-id-meta":"","stick-header-meta":"","header-above-stick-meta":"","header-main-stick-meta":"","header-below-stick-meta":"","footnotes":""},"class_list":["post-28","page","type-page","status-publish","hentry"],"_links":{"self":[{"href":"https:\/\/www.uhc-gaenserndorf.com\/wp-uhc\/wp-json\/wp\/v2\/pages\/28","targetHints":{"allow":["GET"]}}],"collection":[{"href":"https:\/\/www.uhc-gaenserndorf.com\/wp-uhc\/wp-json\/wp\/v2\/pages"}],"about":[{"href":"https:\/\/www.uhc-gaenserndorf.com\/wp-uhc\/wp-json\/wp\/v2\/types\/page"}],"author":[{"embeddable":true,"href":"https:\/\/www.uhc-gaenserndorf.com\/wp-uhc\/wp-json\/wp\/v2\/users\/2"}],"replies":[{"embeddable":true,"href":"https:\/\/www.uhc-gaenserndorf.com\/wp-uhc\/wp-json\/wp\/v2\/comments?post=28"}],"version-history":[{"count":19,"href":"https:\/\/www.uhc-gaenserndorf.com\/wp-uhc\/wp-json\/wp\/v2\/pages\/28\/revisions"}],"predecessor-version":[{"id":2252,"href":"https:\/\/www.uhc-gaenserndorf.com\/wp-uhc\/wp-json\/wp\/v2\/pages\/28\/revisions\/2252"}],"wp:attachment":[{"href":"https:\/\/www.uhc-gaenserndorf.com\/wp-uhc\/wp-json\/wp\/v2\/media?parent=28"}],"curies":[{"name":"wp","href":"https:\/\/api.w.org\/{rel}","templated":true}]}}